{"id":951,"date":"2025-06-09T16:43:35","date_gmt":"2025-06-09T19:43:35","guid":{"rendered":"https:\/\/importadoshop.com\/?post_type=product&#038;p=951"},"modified":"2025-06-09T16:43:35","modified_gmt":"2025-06-09T19:43:35","slug":"zapatillas-deportivas-calzado-comodo-para-uso-diario","status":"publish","type":"product","link":"https:\/\/importadoshop.com\/?product=zapatillas-deportivas-calzado-comodo-para-uso-diario","title":{"rendered":"Zapatillas deportivas Calzado c\u00f3modo para uso diario"},"content":{"rendered":"<article class=\"text-token-text-primary w-full\" dir=\"auto\" data-testid=\"conversation-turn-129\" data-scroll-anchor=\"true\">\n<div class=\"text-base my-auto mx-auto py-5 [--thread-content-margin:--spacing(4)] @[37rem]:[--thread-content-margin:--spacing(6)] @[72rem]:[--thread-content-margin:--spacing(16)] px-(--thread-content-margin)\">\n<div class=\"[--thread-content-max-width:32rem] @[34rem]:[--thread-content-max-width:40rem] @[64rem]:[--thread-content-max-width:48rem] mx-auto flex max-w-(--thread-content-max-width) flex-1 text-base gap-4 md:gap-5 lg:gap-6 group\/turn-messages focus-visible:outline-hidden\" tabindex=\"-1\">\n<div class=\"group\/conversation-turn relative flex w-full min-w-0 flex-col agent-turn\">\n<div class=\"relative flex-col gap-1 md:gap-3\">\n<div class=\"flex max-w-full flex-col grow\">\n<div class=\"min-h-8 text-message relative flex w-full flex-col items-end gap-2 text-start break-words whitespace-normal [.text-message+&amp;]:mt-5\" dir=\"auto\" data-message-author-role=\"assistant\" data-message-id=\"9d6dff2e-5bf3-4a3f-81c9-151fcebcb954\" data-message-model-slug=\"gpt-4o\">\n<div class=\"flex w-full flex-col gap-1 empty:hidden first:pt-[3px]\">\n<div class=\"markdown prose dark:prose-invert w-full break-words dark\">\n<p data-start=\"59\" data-end=\"198\" data-is-last-node=\"\" data-is-only-node=\"\"><strong data-start=\"59\" data-end=\"198\" data-is-last-node=\"\">Zapatillas deportivas blanco y azul, del 39 al 44. Comodidad, estilo y versatilidad para tu d\u00eda a d\u00eda. \u00a1Ideales para cualquier ocasi\u00f3n!<\/strong><\/p>\n<\/div>\n<\/div>\n<\/div>\n<\/div>\n<div class=\"flex min-h-[46px] justify-start\">\n<div class=\"touch:-me-2 touch:-ms-3.5 -ms-2.5 -me-1 flex items-center p-1 select-none -mt-1 w-full duration-[1.5s] focus-within:transition-none hover:transition-none pointer-events-none [mask-image:linear-gradient(to_right,black_33%,transparent_66%)] [mask-size:300%_100%] [mask-position:100%_0%] motion-safe:transition-[mask-position] group-hover\/turn-messages:pointer-events-auto group-hover\/turn-messages:[mask-position:0_0] group-focus-within\/turn-messages:pointer-events-auto group-focus-within\/turn-messages:[mask-position:0_0] has-data-[state=open]:pointer-events-auto has-data-[state=open]:[mask-position:0_0]\">\n<div class=\"flex items-center\"><\/div>\n<\/div>\n<\/div>\n<div class=\"mt-3 w-full empty:hidden\">\n<div class=\"text-center\"><\/div>\n<\/div>\n<\/div>\n<div class=\"absolute\">\n<div class=\"flex items-center justify-center\"><\/div>\n<\/div>\n<\/div>\n<\/div>\n<\/div>\n<\/article>\n<div class=\"pointer-events-none h-px w-px\" aria-hidden=\"true\" data-edge=\"true\"><\/div>\n","protected":false},"excerpt":{"rendered":"<p>Descubre nuestras exclusivas zapatillas deportivas en elegantes tonos blanco y azul, disponibles en tallas desde la 39 hasta la 44. Dise\u00f1adas para brindar comodidad y estilo en tu d\u00eda a d\u00eda, estas zapatillas son la elecci\u00f3n perfecta para cualquier actividad diaria. Adem\u00e1s, su versatilidad permite combinarlas f\u00e1cilmente con cualquier conjunto. \u00a1No te quedes sin ellas!<\/p>\n","protected":false},"featured_media":953,"comment_status":"open","ping_status":"closed","template":"","meta":[],"product_brand":[],"product_cat":[24],"product_tag":[],"class_list":{"0":"post-951","1":"product","2":"type-product","3":"status-publish","4":"has-post-thumbnail","6":"product_cat-calzado-urbano","8":"first","9":"instock","10":"sale","11":"shipping-taxable","12":"purchasable","13":"product-type-variable"},"_links":{"self":[{"href":"https:\/\/importadoshop.com\/index.php?rest_route=\/wp\/v2\/product\/951","targetHints":{"allow":["GET"]}}],"collection":[{"href":"https:\/\/importadoshop.com\/index.php?rest_route=\/wp\/v2\/product"}],"about":[{"href":"https:\/\/importadoshop.com\/index.php?rest_route=\/wp\/v2\/types\/product"}],"replies":[{"embeddable":true,"href":"https:\/\/importadoshop.com\/index.php?rest_route=%2Fwp%2Fv2%2Fcomments&post=951"}],"wp:featuredmedia":[{"embeddable":true,"href":"https:\/\/importadoshop.com\/index.php?rest_route=\/wp\/v2\/media\/953"}],"wp:attachment":[{"href":"https:\/\/importadoshop.com\/index.php?rest_route=%2Fwp%2Fv2%2Fmedia&parent=951"}],"wp:term":[{"taxonomy":"product_brand","embeddable":true,"href":"https:\/\/importadoshop.com\/index.php?rest_route=%2Fwp%2Fv2%2Fproduct_brand&post=951"},{"taxonomy":"product_cat","embeddable":true,"href":"https:\/\/importadoshop.com\/index.php?rest_route=%2Fwp%2Fv2%2Fproduct_cat&post=951"},{"taxonomy":"product_tag","embeddable":true,"href":"https:\/\/importadoshop.com\/index.php?rest_route=%2Fwp%2Fv2%2Fproduct_tag&post=951"}],"curies":[{"name":"wp","href":"https:\/\/api.w.org\/{rel}","templated":true}]}}