{"id":885,"date":"2025-06-09T05:18:41","date_gmt":"2025-06-09T08:18:41","guid":{"rendered":"https:\/\/importadoshop.com\/?post_type=product&#038;p=885"},"modified":"2025-09-14T16:08:52","modified_gmt":"2025-09-14T19:08:52","slug":"chaqueta-mara","status":"publish","type":"product","link":"https:\/\/importadoshop.com\/?product=chaqueta-mara","title":{"rendered":"Campera Piel"},"content":{"rendered":"<p>Descubr\u00ed la elegancia urbana con la <em data-start=\"114\" data-end=\"139\">Campera Piel<\/em>, una prenda de alto impacto visual y perfecta para destacar en los d\u00edas fr\u00edos. Confeccionada en eco-piel sint\u00e9tica tipo peluche de alt\u00edsima calidad, esta campera corta combina el glamour del negro brillante con un dise\u00f1o moderno, entallado y femenino. Su cierre frontal met\u00e1lico, detalles en ecocuero y cintur\u00f3n ajustable realzan la figura y elevan cualquier outfit. Ideal para salidas nocturnas, looks urbanos o simplemente para marcar estilo con actitud. \u00a1Con la <em data-start=\"605\" data-end=\"622\">campera Mara<\/em> vas a robar todas las miradas!<\/p>\n","protected":false},"excerpt":{"rendered":"<p>Brill\u00e1 con estilo este invierno con la <em data-start=\"725\" data-end=\"750\">Campera Piel<\/em>. Elegante, abrigada y con un toque de glamour para tus mejores outfits. \u2744\ufe0f\u2728<\/p>\n","protected":false},"featured_media":1009,"comment_status":"open","ping_status":"closed","template":"","meta":[],"product_brand":[],"product_cat":[15,27],"product_tag":[],"class_list":{"0":"post-885","1":"product","2":"type-product","3":"status-publish","4":"has-post-thumbnail","6":"product_cat-15","7":"product_cat-ropa-casual","9":"first","10":"instock","11":"sale","12":"shipping-taxable","13":"purchasable","14":"product-type-simple"},"_links":{"self":[{"href":"https:\/\/importadoshop.com\/index.php?rest_route=\/wp\/v2\/product\/885","targetHints":{"allow":["GET"]}}],"collection":[{"href":"https:\/\/importadoshop.com\/index.php?rest_route=\/wp\/v2\/product"}],"about":[{"href":"https:\/\/importadoshop.com\/index.php?rest_route=\/wp\/v2\/types\/product"}],"replies":[{"embeddable":true,"href":"https:\/\/importadoshop.com\/index.php?rest_route=%2Fwp%2Fv2%2Fcomments&post=885"}],"wp:featuredmedia":[{"embeddable":true,"href":"https:\/\/importadoshop.com\/index.php?rest_route=\/wp\/v2\/media\/1009"}],"wp:attachment":[{"href":"https:\/\/importadoshop.com\/index.php?rest_route=%2Fwp%2Fv2%2Fmedia&parent=885"}],"wp:term":[{"taxonomy":"product_brand","embeddable":true,"href":"https:\/\/importadoshop.com\/index.php?rest_route=%2Fwp%2Fv2%2Fproduct_brand&post=885"},{"taxonomy":"product_cat","embeddable":true,"href":"https:\/\/importadoshop.com\/index.php?rest_route=%2Fwp%2Fv2%2Fproduct_cat&post=885"},{"taxonomy":"product_tag","embeddable":true,"href":"https:\/\/importadoshop.com\/index.php?rest_route=%2Fwp%2Fv2%2Fproduct_tag&post=885"}],"curies":[{"name":"wp","href":"https:\/\/api.w.org\/{rel}","templated":true}]}}