{"id":1004,"date":"2025-06-19T11:15:08","date_gmt":"2025-06-19T14:15:08","guid":{"rendered":"https:\/\/importadoshop.com\/?post_type=product&#038;p=1004"},"modified":"2025-11-01T22:13:47","modified_gmt":"2025-11-02T01:13:47","slug":"zapatillas-molli","status":"publish","type":"product","link":"https:\/\/importadoshop.com\/?product=zapatillas-molli","title":{"rendered":"Zapatillas Molli"},"content":{"rendered":"<p>Las nuevas <strong data-start=\"487\" data-end=\"496\">Molli<\/strong> llegaron para elevar tu estilo. Con un dise\u00f1o cl\u00e1sico pero renovado, estas zapatillas est\u00e1n disponibles en color blanco o negro, combinando con todo. Su plataforma sutil te da ese toque de altura sin perder la comodidad que busc\u00e1s para el d\u00eda a d\u00eda.<br data-start=\"746\" data-end=\"749\" \/>Fabricadas con materiales duraderos y un interior acolchonado que cuida tus pasos, son ideales para caminar con estilo tanto en looks urbanos como casuales.<br data-start=\"905\" data-end=\"908\" \/>Talles del 36 al 39. Eleg\u00ed Molli y marc\u00e1 tendencia con lo simple y elegante.<\/p>\n","protected":false},"excerpt":{"rendered":"<p data-start=\"192\" data-end=\"404\">Eleg\u00ed entre blanco o negro y sumale a tu outfit ese toque moderno con plataforma sutil. C\u00f3modas, vers\u00e1tiles y perfectas para todos los d\u00edas. Disponibles del 36 al 39.<\/p>\n","protected":false},"featured_media":1007,"comment_status":"open","ping_status":"closed","template":"","meta":[],"product_brand":[],"product_cat":[15,24],"product_tag":[],"class_list":{"0":"post-1004","1":"product","2":"type-product","3":"status-publish","4":"has-post-thumbnail","6":"product_cat-15","7":"product_cat-calzado-urbano","9":"first","10":"instock","11":"sale","12":"shipping-taxable","13":"purchasable","14":"product-type-variable"},"_links":{"self":[{"href":"https:\/\/importadoshop.com\/index.php?rest_route=\/wp\/v2\/product\/1004","targetHints":{"allow":["GET"]}}],"collection":[{"href":"https:\/\/importadoshop.com\/index.php?rest_route=\/wp\/v2\/product"}],"about":[{"href":"https:\/\/importadoshop.com\/index.php?rest_route=\/wp\/v2\/types\/product"}],"replies":[{"embeddable":true,"href":"https:\/\/importadoshop.com\/index.php?rest_route=%2Fwp%2Fv2%2Fcomments&post=1004"}],"wp:featuredmedia":[{"embeddable":true,"href":"https:\/\/importadoshop.com\/index.php?rest_route=\/wp\/v2\/media\/1007"}],"wp:attachment":[{"href":"https:\/\/importadoshop.com\/index.php?rest_route=%2Fwp%2Fv2%2Fmedia&parent=1004"}],"wp:term":[{"taxonomy":"product_brand","embeddable":true,"href":"https:\/\/importadoshop.com\/index.php?rest_route=%2Fwp%2Fv2%2Fproduct_brand&post=1004"},{"taxonomy":"product_cat","embeddable":true,"href":"https:\/\/importadoshop.com\/index.php?rest_route=%2Fwp%2Fv2%2Fproduct_cat&post=1004"},{"taxonomy":"product_tag","embeddable":true,"href":"https:\/\/importadoshop.com\/index.php?rest_route=%2Fwp%2Fv2%2Fproduct_tag&post=1004"}],"curies":[{"name":"wp","href":"https:\/\/api.w.org\/{rel}","templated":true}]}}