{"id":786,"date":"2025-06-07T10:54:27","date_gmt":"2025-06-07T13:54:27","guid":{"rendered":"https:\/\/importadoshop.com\/?page_id=786"},"modified":"2025-06-07T10:54:28","modified_gmt":"2025-06-07T13:54:28","slug":"politica-de-privacidad","status":"publish","type":"page","link":"https:\/\/importadoshop.com\/?page_id=786","title":{"rendered":"Pol\u00edtica de Privacidad"},"content":{"rendered":"\n<p>El sitio web <strong><a href=\"https:\/\/importadoshop.com\/\">ImportadoShop.com<\/a><\/strong> es propiedad de <strong>Luis Leonardo Kemel<\/strong>, que act\u00faa como responsable del tratamiento de tus datos personales.<\/p>\n\n\n\n<p>Hemos adoptado esta Pol\u00edtica de Privacidad, la cual establece c\u00f3mo procesamos la informaci\u00f3n recopilada por <a href=\"https:\/\/importadoshop.com\/\">ImportadoShop.com<\/a> y explica por qu\u00e9 necesitamos recolectar ciertos datos personales tuyos. Por eso, te recomendamos leer esta Pol\u00edtica de Privacidad antes de utilizar el sitio web.<\/p>\n\n\n\n<p>Nos comprometemos a cuidar tus datos personales y garantizar su confidencialidad y seguridad.<\/p>\n\n\n\n<h3 class=\"wp-block-heading\">Informaci\u00f3n personal que recopilamos<\/h3>\n\n\n\n<p>Cuando visit\u00e1s <a href=\"https:\/\/importadoshop.com\/\">ImportadoShop.com<\/a>, recopilamos autom\u00e1ticamente cierta informaci\u00f3n sobre tu dispositivo, como tu navegador web, direcci\u00f3n IP, zona horaria y algunas cookies instaladas. Adem\u00e1s, mientras naveg\u00e1s por el sitio, recolectamos informaci\u00f3n sobre las p\u00e1ginas o productos que visit\u00e1s, los sitios web o t\u00e9rminos de b\u00fasqueda que te redirigieron al sitio, y c\u00f3mo interactu\u00e1s con el mismo. A esta informaci\u00f3n la llamamos <strong>\u201cInformaci\u00f3n del dispositivo\u201d<\/strong>.<\/p>\n\n\n\n<p>Tambi\u00e9n podemos recopilar los datos personales que nos proporcion\u00e1s (como nombre, apellido, direcci\u00f3n, datos de pago, etc.) al registrarte o realizar una compra, con el fin de cumplir con el acuerdo comercial.<\/p>\n\n\n\n<h3 class=\"wp-block-heading\">\u00bfPor qu\u00e9 procesamos tus datos?<\/h3>\n\n\n\n<p>Nuestra prioridad es la seguridad de los datos de nuestros usuarios. Por eso, solo recopilamos la informaci\u00f3n estrictamente necesaria para mantener el funcionamiento del sitio web. La informaci\u00f3n autom\u00e1tica se utiliza exclusivamente para detectar posibles usos indebidos y obtener estad\u00edsticas generales de uso del sitio. Estos datos estad\u00edsticos no se utilizan para identificar a usuarios espec\u00edficos.<\/p>\n\n\n\n<p>Pod\u00e9s navegar por el sitio sin decirnos qui\u00e9n sos ni revelar informaci\u00f3n personal identificable. No obstante, si decid\u00eds utilizar algunas funciones del sitio, como suscribirte a nuestro bolet\u00edn o llenar un formulario de contacto, podr\u00edamos solicitarte datos personales como tu nombre, email, ciudad, organizaci\u00f3n o n\u00famero de tel\u00e9fono.<\/p>\n\n\n\n<p>Ten\u00e9s la opci\u00f3n de no brindarnos estos datos, pero eso puede limitar tu acceso a ciertas funcionalidades del sitio (por ejemplo, recibir promociones o contactarnos directamente).<\/p>\n\n\n\n<p>Si ten\u00e9s dudas sobre qu\u00e9 informaci\u00f3n es obligatoria, pod\u00e9s escribirnos a <strong>contacto@importadoshop.com.<\/strong><\/p>\n\n\n\n<h3 class=\"wp-block-heading\">Tus derechos<\/h3>\n\n\n\n<p>Si sos residente de la Uni\u00f3n Europea, ten\u00e9s los siguientes derechos respecto a tus datos personales:<\/p>\n\n\n\n<ul class=\"wp-block-list\">\n<li>Derecho a ser informado<\/li>\n\n\n\n<li>Derecho de acceso<\/li>\n\n\n\n<li>Derecho de rectificaci\u00f3n<\/li>\n\n\n\n<li>Derecho de supresi\u00f3n<\/li>\n\n\n\n<li>Derecho a la limitaci\u00f3n del tratamiento<\/li>\n\n\n\n<li>Derecho a la portabilidad de datos<\/li>\n\n\n\n<li>Derecho de oposici\u00f3n<\/li>\n\n\n\n<li>Derechos en relaci\u00f3n con decisiones automatizadas y elaboraci\u00f3n de perfiles<\/li>\n<\/ul>\n\n\n\n<p>Si quer\u00e9s ejercer alguno de estos derechos, comunicate con nosotros mediante los datos de contacto al final de esta pol\u00edtica.<\/p>\n\n\n\n<p>Adem\u00e1s, si sos residente europeo, informamos que procesamos tu informaci\u00f3n para cumplir con contratos (como cuando hac\u00e9s un pedido en el sitio), o para fines leg\u00edtimos comerciales. Tu informaci\u00f3n puede ser transferida fuera de Europa, incluidos pa\u00edses como Canad\u00e1 o Estados Unidos.<\/p>\n\n\n\n<h3 class=\"wp-block-heading\">Enlaces a otros sitios web<\/h3>\n\n\n\n<p>Nuestro sitio puede contener enlaces a sitios web de terceros que no son de nuestra propiedad ni est\u00e1n bajo nuestro control. No somos responsables de las pr\u00e1cticas de privacidad de dichos sitios. Te recomendamos leer sus respectivas pol\u00edticas de privacidad si acced\u00e9s a ellos desde nuestro sitio.<\/p>\n\n\n\n<h3 class=\"wp-block-heading\">Seguridad de la informaci\u00f3n<\/h3>\n\n\n\n<p>Alojamos la informaci\u00f3n que proporcion\u00e1s en servidores seguros, protegidos contra accesos no autorizados, usos indebidos o divulgaci\u00f3n. Contamos con medidas t\u00e9cnicas, administrativas y f\u00edsicas razonables para proteger tus datos personales. Sin embargo, ning\u00fan sistema de transmisi\u00f3n de datos por Internet o red inal\u00e1mbrica puede garantizar seguridad al 100%.<\/p>\n\n\n\n<h3 class=\"wp-block-heading\">Divulgaci\u00f3n legal<\/h3>\n\n\n\n<p>Podremos divulgar cualquier informaci\u00f3n que recolectemos o recibamos si la ley lo exige (por ejemplo, por orden judicial), o si creemos de buena fe que dicha acci\u00f3n es necesaria para proteger nuestros derechos, tu seguridad, la de terceros, investigar fraudes o responder a solicitudes gubernamentales.<\/p>\n\n\n\n<h3 class=\"wp-block-heading\">Informaci\u00f3n de contacto<\/h3>\n\n\n\n<p>Si dese\u00e1s m\u00e1s informaci\u00f3n sobre esta Pol\u00edtica o quer\u00e9s ejercer tus derechos relacionados con tus datos personales, pod\u00e9s contactarnos a <strong>contacto@importadoshop.com.<\/strong><\/p>\n","protected":false},"excerpt":{"rendered":"<p>El sitio web ImportadoShop.com es propiedad de Luis Leonardo Kemel, que act\u00faa como responsable del tratamiento de tus datos personales. Hemos adoptado esta Pol\u00edtica de Privacidad, la cual establece c\u00f3mo procesamos la informaci\u00f3n recopilada por ImportadoShop.com y explica por qu\u00e9 necesitamos recolectar ciertos datos personales tuyos. Por eso, te recomendamos leer esta Pol\u00edtica de Privacidad [&hellip;]<\/p>\n","protected":false},"author":1,"featured_media":0,"parent":0,"menu_order":0,"comment_status":"closed","ping_status":"closed","template":"","meta":{"footnotes":""},"class_list":["post-786","page","type-page","status-publish","hentry"],"blocksy_meta":[],"_links":{"self":[{"href":"https:\/\/importadoshop.com\/index.php?rest_route=\/wp\/v2\/pages\/786","targetHints":{"allow":["GET"]}}],"collection":[{"href":"https:\/\/importadoshop.com\/index.php?rest_route=\/wp\/v2\/pages"}],"about":[{"href":"https:\/\/importadoshop.com\/index.php?rest_route=\/wp\/v2\/types\/page"}],"author":[{"embeddable":true,"href":"https:\/\/importadoshop.com\/index.php?rest_route=\/wp\/v2\/users\/1"}],"replies":[{"embeddable":true,"href":"https:\/\/importadoshop.com\/index.php?rest_route=%2Fwp%2Fv2%2Fcomments&post=786"}],"version-history":[{"count":1,"href":"https:\/\/importadoshop.com\/index.php?rest_route=\/wp\/v2\/pages\/786\/revisions"}],"predecessor-version":[{"id":787,"href":"https:\/\/importadoshop.com\/index.php?rest_route=\/wp\/v2\/pages\/786\/revisions\/787"}],"wp:attachment":[{"href":"https:\/\/importadoshop.com\/index.php?rest_route=%2Fwp%2Fv2%2Fmedia&parent=786"}],"curies":[{"name":"wp","href":"https:\/\/api.w.org\/{rel}","templated":true}]}}