{"id":628,"date":"2022-01-19T09:40:52","date_gmt":"2022-01-19T09:40:52","guid":{"rendered":"https:\/\/startersites.io\/stagingthree\/?page_id=628"},"modified":"2025-06-07T04:50:34","modified_gmt":"2025-06-07T07:50:34","slug":"about-us","status":"publish","type":"page","link":"https:\/\/importadoshop.com\/?page_id=628","title":{"rendered":"NOSOTROS"},"content":{"rendered":"\n<figure class=\"wp-block-image alignfull size-large\"><img loading=\"lazy\" decoding=\"async\" width=\"1024\" height=\"1024\" src=\"https:\/\/importadoshop.com\/wp-content\/uploads\/2025\/06\/buuueee-edited-1.png\" alt=\"\" class=\"wp-image-776\" srcset=\"https:\/\/importadoshop.com\/wp-content\/uploads\/2025\/06\/buuueee-edited-1.png 1024w, https:\/\/importadoshop.com\/wp-content\/uploads\/2025\/06\/buuueee-edited-1-300x300.png 300w, https:\/\/importadoshop.com\/wp-content\/uploads\/2025\/06\/buuueee-edited-1-150x150.png 150w, https:\/\/importadoshop.com\/wp-content\/uploads\/2025\/06\/buuueee-edited-1-768x768.png 768w, https:\/\/importadoshop.com\/wp-content\/uploads\/2025\/06\/buuueee-edited-1-600x600.png 600w, https:\/\/importadoshop.com\/wp-content\/uploads\/2025\/06\/buuueee-edited-1-100x100.png 100w\" sizes=\"auto, (max-width: 1024px) 100vw, 1024px\" \/><\/figure>\n\n\n\n<div class=\"wp-block-stackable-heading stk-block-heading stk-block-heading--v2 stk-block stk-cc405c3\" id=\"sobre-nosotros\" data-block-id=\"cc405c3\"><style>.stk-cc405c3 {margin-bottom:25px !important;}<\/style><h2 class=\"stk-block-heading__text has-text-align-center-mobile\">Sobre Nosotros<\/h2><\/div>\n\n\n\n<div class=\"wp-block-stackable-columns stk-block-columns stk-block stk-e9fb440\" data-block-id=\"e9fb440\"><style>.stk-e9fb440 {margin-bottom:20px !important;}.stk-e9fb440-column{--stk-column-gap:30px !important;}<\/style><div class=\"stk-row stk-inner-blocks stk-block-content stk-content-align stk-e9fb440-column\">\n<div class=\"wp-block-stackable-column stk-block-column stk-column stk-block stk-3d0787d\" data-v=\"4\" data-block-id=\"3d0787d\"><style>.stk-3d0787d-container{margin-top:0px !important;margin-right:0px !important;margin-bottom:0px !important;margin-left:0px !important;}<\/style><div class=\"stk-column-wrapper stk-block-column__content stk-container stk-3d0787d-container stk--no-background stk--no-padding\"><div class=\"stk-block-content stk-inner-blocks stk-3d0787d-inner-blocks\">\n<div class=\"wp-block-stackable-text stk-block-text stk-block stk-d22a686\" data-block-id=\"d22a686\"><p class=\"stk-block-text__text has-text-align-center-mobile\"><strong>En<\/strong> <strong><span style=\"color: #800020;\" class=\"stk-highlight\">ImportadoShop<\/span><\/strong> <strong>creemos que el estilo no tiene por qu\u00e9 ser inaccesible. Nacimos con una idea clara: <span style=\"color: #800020;\" class=\"stk-highlight\">acercar el mercado global a vos<\/span><\/strong>, <strong>con productos exclusivos, importados y de calidad, a precios realmente competitivos. Nos especializamos en ofrecer lo mejor del<\/strong> <strong><span style=\"color: #800020;\" class=\"stk-highlight\">calzado urbano, indumentaria streetwear, perfumes originales, relojes de impacto y joyer\u00eda con actitud<\/span><\/strong>, <strong>todo cuidadosamente seleccionado para que puedas expresarte con cada detalle de tu outfit.<\/strong><\/p><\/div>\n\n\n\n<p><strong>Sabemos que la moda no es solo vestirse: es<\/strong><span style=\"color: #800020;\" class=\"stk-highlight\"> <strong>mostrar qui\u00e9n sos sin decir una palabra<\/strong>.<\/span> <strong>Por eso, trabajamos para brindarte opciones que combinen<\/strong> <strong><span style=\"color: #800020;\" class=\"stk-highlight\">tendencia, personalidad y autenticidad<\/span><\/strong>, <strong>y que est\u00e9n al alcance de tu mano. Nuestra tienda est\u00e1 en constante movimiento, sumando productos nuevos, aprovechando oportunidades \u00fanicas y buscando ofrecer <span style=\"color: #800020;\" class=\"stk-highlight\">lo mejor del mercado internacional<\/span><\/strong>, <strong>sin intermediarios ni sobreprecios innecesarios.<\/strong><\/p>\n\n\n\n<p><strong>Nos dirigimos a personas reales, con vidas intensas, que quieren verse bien sin perder tiempo ni romper el bolsillo.<\/strong> <strong><span style=\"color: #800020;\" class=\"stk-highlight\">Te damos la posibilidad de comprar con confianza<\/span><\/strong>, <strong>sabiendo que detr\u00e1s hay un equipo que se ocupa de cada detalle: desde la selecci\u00f3n de proveedores hasta la entrega final.<\/strong><\/p>\n\n\n\n<p><strong>Ya sea que busques un buen par de zapatillas que marquen presencia, una cadena que eleve tu estilo o ese perfume importado que te distinga,<\/strong> <strong><span style=\"color: #800020;\" class=\"stk-highlight\">ImportadoShop es tu lugar<\/span><\/strong>. <strong>Y lo mejor de todo: estamos reci\u00e9n empezando.<\/strong><\/p>\n\n\n\n<p><strong>Gracias por elegirnos.<br>Esto reci\u00e9n comienza. <\/strong><span style=\"color: #800020;\" class=\"stk-highlight\"><strong>Y<\/strong> <strong>lo mejor est\u00e1 por llegar<\/strong>.<\/span><\/p>\n<\/div><\/div><\/div>\n<\/div><\/div>\n","protected":false},"excerpt":{"rendered":"<p>Sobre Nosotros En ImportadoShop creemos que el estilo no tiene por qu\u00e9 ser inaccesible. Nacimos con una idea clara: acercar el mercado global a vos, con productos exclusivos, importados y de calidad, a precios realmente competitivos. Nos especializamos en ofrecer lo mejor del calzado urbano, indumentaria streetwear, perfumes originales, relojes de impacto y joyer\u00eda con [&hellip;]<\/p>\n","protected":false},"author":1,"featured_media":0,"parent":0,"menu_order":0,"comment_status":"closed","ping_status":"closed","template":"","meta":{"footnotes":""},"class_list":["post-628","page","type-page","status-publish","hentry"],"blocksy_meta":{"styles_descriptor":{"styles":{"desktop":"","tablet":"","mobile":""},"google_fonts":[],"version":6}},"_links":{"self":[{"href":"https:\/\/importadoshop.com\/index.php?rest_route=\/wp\/v2\/pages\/628","targetHints":{"allow":["GET"]}}],"collection":[{"href":"https:\/\/importadoshop.com\/index.php?rest_route=\/wp\/v2\/pages"}],"about":[{"href":"https:\/\/importadoshop.com\/index.php?rest_route=\/wp\/v2\/types\/page"}],"author":[{"embeddable":true,"href":"https:\/\/importadoshop.com\/index.php?rest_route=\/wp\/v2\/users\/1"}],"replies":[{"embeddable":true,"href":"https:\/\/importadoshop.com\/index.php?rest_route=%2Fwp%2Fv2%2Fcomments&post=628"}],"version-history":[{"count":5,"href":"https:\/\/importadoshop.com\/index.php?rest_route=\/wp\/v2\/pages\/628\/revisions"}],"predecessor-version":[{"id":777,"href":"https:\/\/importadoshop.com\/index.php?rest_route=\/wp\/v2\/pages\/628\/revisions\/777"}],"wp:attachment":[{"href":"https:\/\/importadoshop.com\/index.php?rest_route=%2Fwp%2Fv2%2Fmedia&parent=628"}],"curies":[{"name":"wp","href":"https:\/\/api.w.org\/{rel}","templated":true}]}}